{"id":2663,"date":"2024-06-03T06:04:00","date_gmt":"2024-06-03T06:04:00","guid":{"rendered":"https:\/\/projectfoodbox.arenasparagatos.com\/contact\/"},"modified":"2024-08-27T20:53:50","modified_gmt":"2024-08-27T20:53:50","slug":"contacto","status":"publish","type":"page","link":"https:\/\/projectfoodbox.arenasparagatos.com\/es\/contacto\/","title":{"rendered":"Contacto"},"content":{"rendered":"<div class=\"gb-container gb-container-132c5d4f\">\n<div class=\"gb-container gb-container-242467a7\">\n\n<h1 class=\"gb-headline gb-headline-d12d01ea gb-headline-text\">Ponte en contacto con Project Food Box<\/h1>\n\n\n<div class=\"gb-grid-wrapper gb-grid-wrapper-daf866cb\">\n<div class=\"gb-grid-column gb-grid-column-1482f974\"><div class=\"gb-container gb-container-1482f974\">\n\n<p>\u00a1Bienvenido al Proyecto Food Box! Estamos deseando saber de ti. Si tienes preguntas sobre nuestros programas, necesitas ayuda o quieres saber m\u00e1s sobre c\u00f3mo potenciamos a las personas y a las comunidades mediante alimentos nutritivos, estamos aqu\u00ed para ayudarte.  <\/p>\n\n\n\n<p>Rellena el siguiente formulario o utiliza la informaci\u00f3n de contacto facilitada para ponerte en contacto con nuestro equipo. Juntos podemos crear un futuro m\u00e1s sano, caja a caja.<\/p>\n\n\n\n<ul class=\"maincontactList wp-block-list\">\n<li>Tel. <a href=\"tel:%20949%\">(949) 673-0783<\/a><a href=\"https:\/\/www.twitter.com\/projectfoodbox\/\" target=\"_blank\" rel=\"noreferrer noopener\"><\/a><\/li>\n\n\n\n<li>Fax <a href=\"tel:%20949%\">(949) 996-7125<\/a><\/li>\n<\/ul>\n\n\n\n<iframe src=\"https:\/\/www.google.com\/maps\/embed?pb=!1m18!1m12!1m3!1d26570.6615678259!2d-117.91888509999998!3d33.6485404!2m3!1f0!2f0!3f0!3m2!1i1024!2i768!4f13.1!3m3!1m2!1s0x80dcdf841793717f%3A0xc6530cdf59622079!2sCosta%20Mesa%2C%20CA%2092627%2C%20USA!5e0!3m2!1sen!2sco!4v1717537515286!5m2!1sen!2sco\" width=\"600\" height=\"450\" style=\"border:0; border-radius:10px;\" allowfullscreen=\"\" loading=\"lazy\" referrerpolicy=\"no-referrer-when-downgrade\"><\/iframe>\n\n<\/div><\/div>\n\n<div class=\"gb-grid-column gb-grid-column-8f0caed5\"><div class=\"gb-container gb-container-8f0caed5\">\n\n<h3 class=\"gb-headline gb-headline-2a53b7a8 gb-headline-text\">Medi-Cal CalAIM Remisi\u00f3n de la caja de la compra adaptada m\u00e9dicamente<\/h3>\n\n\n<div class=\"forminator-ui forminator-custom-form forminator-custom-form-524 forminator-design--flat  forminator_ajax\" data-forminator-render=\"0\" data-form=\"forminator-module-524\" data-uid=\"69f35779a916c\"><br\/><\/div><form\n\t\t\t\tid=\"forminator-module-524\"\n\t\t\t\tclass=\"forminator-ui forminator-custom-form forminator-custom-form-524 forminator-design--flat  forminator_ajax\"\n\t\t\t\tmethod=\"post\"\n\t\t\t\tdata-forminator-render=\"0\"\n\t\t\t\tdata-form-id=\"524\"\n\t\t\t\t\n\t\t\t\tdata-design=\"flat\"\n\t\t\t\t\n\t\t\t\t\n\t\t\t\t\n\t\t\t\tdata-grid=\"open\"\n\t\t\t\t\n\t\t\t\t\n\t\t\t\tstyle=\"display: none;\"\n\t\t\t\t\n\t\t\t\tdata-uid=\"69f35779a916c\"\n\t\t\t><div role=\"alert\" aria-live=\"polite\" class=\"forminator-response-message forminator-error\" aria-hidden=\"true\"><\/div><div role=\"tablist\" class=\"forminator-pagination-steps\" aria-label=\"Pagination\"><\/div><div tabindex=\"0\" role=\"tabpanel\" id=\"forminator-custom-form-524--page-0\" class=\"forminator-pagination forminator-pagination-start\" aria-labelledby=\"forminator-custom-form-524--page-0-label\" data-step=\"0\" data-label=\"Request\" data-name=\"page-break-1\"><div class=\"forminator-pagination--content\"><div class=\"forminator-row\"><div id=\"address-2\" class=\"forminator-field-address forminator-col forminator-col-12 \"><div class=\"forminator-row\" data-multiple=\"false\"><div id=\"address-2-city\" class=\"forminator-col forminator-col-12\"><div class=\"forminator-field\"><label for=\"forminator-field-address-2-city_69f35779a916c\" id=\"forminator-field-address-2-city_69f35779a916c-label\" class=\"forminator-label\">County of residence <span class=\"forminator-required\">*<\/span><\/label><input type=\"text\" name=\"address-2-city\" placeholder=\"E.g. Sydney\" id=\"forminator-field-address-2-city_69f35779a916c\" class=\"forminator-input\" data-required=\"1\" aria-required=\"true\" value=\"\" \/><\/div><\/div><\/div><\/div><\/div><div class=\"forminator-row\"><div id=\"name-1\" class=\"forminator-field-name forminator-col forminator-col-12 \"><div class=\"forminator-field\"><label for=\"forminator-field-name-1_69f35779a916c\" id=\"forminator-field-name-1_69f35779a916c-label\" class=\"forminator-label\">Member Name <span class=\"forminator-required\">*<\/span><\/label><input type=\"text\" name=\"name-1\" value=\"\" placeholder=\"E.g. John Doe\" id=\"forminator-field-name-1_69f35779a916c\" class=\"forminator-input forminator-name--field\" aria-required=\"true\" \/><\/div><\/div><\/div><div class=\"forminator-row\"><div id=\"number-1\" class=\"forminator-field-number forminator-col forminator-col-12 \"><div class=\"forminator-field\"><label for=\"forminator-field-number-1_69f35779a916c\" id=\"forminator-field-number-1_69f35779a916c-label\" class=\"forminator-label\">Medi-Cal CIN<\/label><input name=\"number-1\" value=\"\" placeholder=\"(ex: 98765432A):\" id=\"forminator-field-number-1_69f35779a916c\" class=\"forminator-input forminator-number--field\" inputmode=\"decimal\" data-required=\"\" data-decimals=\"0\" aria-required=\"false\" data-inputmask=\"&#039;groupSeparator&#039;: &#039;&#039;, &#039;radixPoint&#039;: &#039;&#039;, &#039;digits&#039;: &#039;0&#039;\" data-hidden-behavior=\"zero\" type=\"number\" step=\"any\" min=\"1\" max=\"150\" \/><\/div><\/div><\/div><\/div><\/div><div tabindex=\"0\" role=\"tabpanel\" id=\"forminator-custom-form-524--page-1\" class=\"forminator-pagination\" aria-labelledby=\"forminator-custom-form-524--page-1-label\" aria-hidden=\"true\" data-step=\"1\" data-label=\"Requeriments\" data-name=\"page-break-2\" hidden><div class=\"forminator-pagination--content\"><div class=\"forminator-row\"><div id=\"phone-1\" class=\"forminator-field-phone forminator-col forminator-col-12 \"><div class=\"forminator-field\"><label for=\"forminator-field-phone-1_69f35779a916c\" id=\"forminator-field-phone-1_69f35779a916c-label\" class=\"forminator-label\">Phone<\/label><input type=\"text\" name=\"phone-1\" value=\"\" placeholder=\"E.g. +1 300 400 5000\" id=\"forminator-field-phone-1_69f35779a916c\" class=\"forminator-input forminator-field--phone\" data-required=\"\" aria-required=\"false\" autocomplete=\"off\" \/><\/div><\/div><\/div><div class=\"forminator-row\"><div id=\"radio-1\" class=\"forminator-field-radio forminator-col forminator-col-12 \"><div role=\"radiogroup\" class=\"forminator-field\" aria-labelledby=\"forminator-radiogroup-69f35779a916c-label\" aria-describedby=\"forminator-radiogroup-69f35779a916c-description\"><span id=\"forminator-radiogroup-69f35779a916c-label\" class=\"forminator-label\">SMS Opt-in<\/span><label id=\"forminator-field-radio-1-label-1\" for=\"forminator-field-radio-1-1-69f35779a916c\" class=\"forminator-radio forminator-radio-inline\" title=\"Yes\"><input type=\"radio\" name=\"radio-1\" value=\"one\" id=\"forminator-field-radio-1-1-69f35779a916c\" aria-labelledby=\"forminator-field-radio-1-label-1\" data-calculation=\"0\"   data-hidden-behavior=\"zero\" aria-describedby=\"forminator-field-radio-1-69f35779a916c-description\"\/><span class=\"forminator-radio-bullet\" aria-hidden=\"true\"><\/span><span class=\"forminator-radio-label\">Yes<\/span><\/label><label id=\"forminator-field-radio-1-label-2\" for=\"forminator-field-radio-1-2-69f35779a916c\" class=\"forminator-radio forminator-radio-inline\" title=\"No\"><input type=\"radio\" name=\"radio-1\" value=\"two\" id=\"forminator-field-radio-1-2-69f35779a916c\" aria-labelledby=\"forminator-field-radio-1-label-2\" data-calculation=\"0\"   data-hidden-behavior=\"zero\" aria-describedby=\"forminator-field-radio-1-69f35779a916c-description\"\/><span class=\"forminator-radio-bullet\" aria-hidden=\"true\"><\/span><span class=\"forminator-radio-label\">No<\/span><\/label><span id=\"forminator-radiogroup-69f35779a916c-description\" class=\"forminator-description\">(highly recommended - to receive delivery and account updates via text)<\/span><\/div><\/div><\/div><div class=\"forminator-row\"><div id=\"email-1\" class=\"forminator-field-email forminator-col forminator-col-12 \"><div class=\"forminator-field\"><label for=\"forminator-field-email-1_69f35779a916c\" id=\"forminator-field-email-1_69f35779a916c-label\" class=\"forminator-label\">Email Address <span class=\"forminator-required\">*<\/span><\/label><input type=\"email\" name=\"email-1\" value=\"\" placeholder=\"E.g. john@doe.com\" id=\"forminator-field-email-1_69f35779a916c\" class=\"forminator-input forminator-email--field\" data-required=\"1\" aria-required=\"true\" \/><\/div><\/div><\/div><\/div><\/div><div tabindex=\"0\" role=\"tabpanel\" id=\"forminator-custom-form-524--page-2\" class=\"forminator-pagination\" aria-labelledby=\"forminator-custom-form-524--page-2-label\" aria-hidden=\"true\" data-step=\"2\" data-label=\"Info\" data-name=\"\" hidden><div class=\"forminator-pagination--content\"><div class=\"forminator-row\"><div id=\"textarea-2\" class=\"forminator-field-textarea forminator-col forminator-col-12 \"><div class=\"forminator-field\"><label for=\"forminator-field-textarea-2_69f35779a916c\" id=\"forminator-field-textarea-2_69f35779a916c-label\" class=\"forminator-label\">Member&#039;s Preferred Language<\/label><textarea name=\"textarea-2\" placeholder=\"\" id=\"forminator-field-textarea-2_69f35779a916c\" class=\"forminator-textarea\" rows=\"6\" style=\"min-height:50px;\" ><\/textarea><\/div><\/div><\/div><div class=\"forminator-row\"><div id=\"radio-2\" class=\"forminator-field-radio forminator-col forminator-col-12 \"><div role=\"radiogroup\" class=\"forminator-field\" aria-labelledby=\"forminator-radiogroup-69f35779a916c-label\" aria-describedby=\"forminator-radiogroup-69f35779a916c-description\"><span id=\"forminator-radiogroup-69f35779a916c-label\" class=\"forminator-label\">Has Chronic Conditions:<\/span><label id=\"forminator-field-radio-2-label-1\" for=\"forminator-field-radio-2-1-69f35779a916c\" class=\"forminator-radio forminator-radio-inline\" title=\"Yes\"><input type=\"radio\" name=\"radio-2\" value=\"one\" id=\"forminator-field-radio-2-1-69f35779a916c\" aria-labelledby=\"forminator-field-radio-2-label-1\" data-calculation=\"0\"   data-hidden-behavior=\"zero\" aria-describedby=\"forminator-field-radio-2-69f35779a916c-description\"\/><span class=\"forminator-radio-bullet\" aria-hidden=\"true\"><\/span><span class=\"forminator-radio-label\">Yes<\/span><\/label><label id=\"forminator-field-radio-2-label-2\" for=\"forminator-field-radio-2-2-69f35779a916c\" class=\"forminator-radio forminator-radio-inline\" title=\"No\"><input type=\"radio\" name=\"radio-2\" value=\"two\" id=\"forminator-field-radio-2-2-69f35779a916c\" aria-labelledby=\"forminator-field-radio-2-label-2\" data-calculation=\"0\"   data-hidden-behavior=\"zero\" aria-describedby=\"forminator-field-radio-2-69f35779a916c-description\"\/><span class=\"forminator-radio-bullet\" aria-hidden=\"true\"><\/span><span class=\"forminator-radio-label\">No<\/span><\/label><span id=\"forminator-radiogroup-69f35779a916c-description\" class=\"forminator-description\">(required, must have chronic condition and answer \"Yes\" to be program eligible)<\/span><\/div><\/div><\/div><div class=\"forminator-row\"><div id=\"name-2\" class=\"forminator-field-name forminator-col forminator-col-12 \"><div class=\"forminator-field\"><label for=\"forminator-field-name-2_69f35779a916c\" id=\"forminator-field-name-2_69f35779a916c-label\" class=\"forminator-label\">Staff Name<\/label><input type=\"text\" name=\"name-2\" value=\"\" placeholder=\"E.g. John Doe\" id=\"forminator-field-name-2_69f35779a916c\" class=\"forminator-input forminator-name--field\" aria-required=\"false\" \/><\/div><\/div><\/div><\/div><button class=\"forminator-button forminator-pagination-submit\" style=\"display: none;\" disabled>Send Message<\/button><\/div><input type=\"hidden\" name=\"referer_url\" value=\"\" \/><input type=\"hidden\" id=\"forminator_nonce\" name=\"forminator_nonce\" value=\"826d1fa962\" \/><input type=\"hidden\" name=\"_wp_http_referer\" value=\"\/es\/wp-json\/wp\/v2\/pages\/2663\" \/><input type=\"hidden\" name=\"form_id\" value=\"524\"><input type=\"hidden\" name=\"page_id\" value=\"2663\"><input type=\"hidden\" name=\"form_type\" value=\"default\"><input type=\"hidden\" name=\"current_url\" value=\"https:\/\/projectfoodbox.arenasparagatos.com\/es\/contacto\/\"><input type=\"hidden\" name=\"render_id\" value=\"0\"><input type=\"hidden\" name=\"action\" value=\"forminator_submit_form_custom-forms\"><\/form>\n\n<\/div><\/div>\n<\/div>\n<\/div>\n<\/div>","protected":false},"excerpt":{"rendered":"<p>Ponte en contacto con Project Food Box<\/p>\n","protected":false},"author":3,"featured_media":0,"parent":0,"menu_order":0,"comment_status":"closed","ping_status":"closed","template":"","meta":{"_eb_attr":"","footnotes":""},"class_list":["post-2663","page","type-page","status-publish"],"yoast_head":"<!-- This site is optimized with the Yoast SEO plugin v23.8 - https:\/\/yoast.com\/wordpress\/plugins\/seo\/ -->\n<title>Contacto - Project Food Box<\/title>\n<meta name=\"robots\" content=\"noindex, follow, max-snippet:-1, max-image-preview:large, max-video-preview:-1\" \/>\n<meta property=\"og:locale\" content=\"es_ES\" \/>\n<meta property=\"og:type\" content=\"article\" \/>\n<meta property=\"og:title\" content=\"Contacto - Project Food Box\" \/>\n<meta property=\"og:description\" content=\"Ponte en contacto con Project Food Box\" \/>\n<meta property=\"og:url\" content=\"https:\/\/projectfoodbox.arenasparagatos.com\/es\/contacto\/\" \/>\n<meta property=\"og:site_name\" content=\"Project Food Box\" \/>\n<meta property=\"article:modified_time\" content=\"2024-08-27T20:53:50+00:00\" \/>\n<meta name=\"twitter:card\" content=\"summary_large_image\" \/>\n<meta name=\"twitter:label1\" content=\"Tiempo de lectura\" \/>\n\t<meta name=\"twitter:data1\" content=\"1 minuto\" \/>\n<script type=\"application\/ld+json\" class=\"yoast-schema-graph\">{\"@context\":\"https:\/\/schema.org\",\"@graph\":[{\"@type\":\"WebPage\",\"@id\":\"https:\/\/projectfoodbox.arenasparagatos.com\/es\/contacto\/\",\"url\":\"https:\/\/projectfoodbox.arenasparagatos.com\/es\/contacto\/\",\"name\":\"Contacto - Project Food Box\",\"isPartOf\":{\"@id\":\"https:\/\/projectfoodbox.arenasparagatos.com\/#website\"},\"datePublished\":\"2024-06-03T06:04:00+00:00\",\"dateModified\":\"2024-08-27T20:53:50+00:00\",\"breadcrumb\":{\"@id\":\"https:\/\/projectfoodbox.arenasparagatos.com\/es\/contacto\/#breadcrumb\"},\"inLanguage\":\"es\",\"potentialAction\":[{\"@type\":\"ReadAction\",\"target\":[\"https:\/\/projectfoodbox.arenasparagatos.com\/es\/contacto\/\"]}]},{\"@type\":\"BreadcrumbList\",\"@id\":\"https:\/\/projectfoodbox.arenasparagatos.com\/es\/contacto\/#breadcrumb\",\"itemListElement\":[{\"@type\":\"ListItem\",\"position\":1,\"name\":\"Home\",\"item\":\"https:\/\/projectfoodbox.arenasparagatos.com\/es\/\"},{\"@type\":\"ListItem\",\"position\":2,\"name\":\"Contacto\"}]},{\"@type\":\"WebSite\",\"@id\":\"https:\/\/projectfoodbox.arenasparagatos.com\/#website\",\"url\":\"https:\/\/projectfoodbox.arenasparagatos.com\/\",\"name\":\"Project Food Box\",\"description\":\"Project Food Box\",\"publisher\":{\"@id\":\"https:\/\/projectfoodbox.arenasparagatos.com\/#organization\"},\"potentialAction\":[{\"@type\":\"SearchAction\",\"target\":{\"@type\":\"EntryPoint\",\"urlTemplate\":\"https:\/\/projectfoodbox.arenasparagatos.com\/?s={search_term_string}\"},\"query-input\":{\"@type\":\"PropertyValueSpecification\",\"valueRequired\":true,\"valueName\":\"search_term_string\"}}],\"inLanguage\":\"es\"},{\"@type\":\"Organization\",\"@id\":\"https:\/\/projectfoodbox.arenasparagatos.com\/#organization\",\"name\":\"Project Food Box\",\"url\":\"https:\/\/projectfoodbox.arenasparagatos.com\/\",\"logo\":{\"@type\":\"ImageObject\",\"inLanguage\":\"es\",\"@id\":\"https:\/\/projectfoodbox.arenasparagatos.com\/#\/schema\/logo\/image\/\",\"url\":\"https:\/\/projectfoodbox.arenasparagatos.com\/wp-content\/uploads\/2024\/06\/cropped-Logo-ProjectFoodBox-1.png\",\"contentUrl\":\"https:\/\/projectfoodbox.arenasparagatos.com\/wp-content\/uploads\/2024\/06\/cropped-Logo-ProjectFoodBox-1.png\",\"width\":116,\"height\":119,\"caption\":\"Project Food Box\"},\"image\":{\"@id\":\"https:\/\/projectfoodbox.arenasparagatos.com\/#\/schema\/logo\/image\/\"}}]}<\/script>\n<!-- \/ Yoast SEO plugin. -->","yoast_head_json":{"title":"Contacto - Project Food Box","robots":{"index":"noindex","follow":"follow","max-snippet":"max-snippet:-1","max-image-preview":"max-image-preview:large","max-video-preview":"max-video-preview:-1"},"og_locale":"es_ES","og_type":"article","og_title":"Contacto - Project Food Box","og_description":"Ponte en contacto con Project Food Box","og_url":"https:\/\/projectfoodbox.arenasparagatos.com\/es\/contacto\/","og_site_name":"Project Food Box","article_modified_time":"2024-08-27T20:53:50+00:00","twitter_card":"summary_large_image","twitter_misc":{"Tiempo de lectura":"1 minuto"},"schema":{"@context":"https:\/\/schema.org","@graph":[{"@type":"WebPage","@id":"https:\/\/projectfoodbox.arenasparagatos.com\/es\/contacto\/","url":"https:\/\/projectfoodbox.arenasparagatos.com\/es\/contacto\/","name":"Contacto - Project Food Box","isPartOf":{"@id":"https:\/\/projectfoodbox.arenasparagatos.com\/#website"},"datePublished":"2024-06-03T06:04:00+00:00","dateModified":"2024-08-27T20:53:50+00:00","breadcrumb":{"@id":"https:\/\/projectfoodbox.arenasparagatos.com\/es\/contacto\/#breadcrumb"},"inLanguage":"es","potentialAction":[{"@type":"ReadAction","target":["https:\/\/projectfoodbox.arenasparagatos.com\/es\/contacto\/"]}]},{"@type":"BreadcrumbList","@id":"https:\/\/projectfoodbox.arenasparagatos.com\/es\/contacto\/#breadcrumb","itemListElement":[{"@type":"ListItem","position":1,"name":"Home","item":"https:\/\/projectfoodbox.arenasparagatos.com\/es\/"},{"@type":"ListItem","position":2,"name":"Contacto"}]},{"@type":"WebSite","@id":"https:\/\/projectfoodbox.arenasparagatos.com\/#website","url":"https:\/\/projectfoodbox.arenasparagatos.com\/","name":"Project Food Box","description":"Project Food Box","publisher":{"@id":"https:\/\/projectfoodbox.arenasparagatos.com\/#organization"},"potentialAction":[{"@type":"SearchAction","target":{"@type":"EntryPoint","urlTemplate":"https:\/\/projectfoodbox.arenasparagatos.com\/?s={search_term_string}"},"query-input":{"@type":"PropertyValueSpecification","valueRequired":true,"valueName":"search_term_string"}}],"inLanguage":"es"},{"@type":"Organization","@id":"https:\/\/projectfoodbox.arenasparagatos.com\/#organization","name":"Project Food Box","url":"https:\/\/projectfoodbox.arenasparagatos.com\/","logo":{"@type":"ImageObject","inLanguage":"es","@id":"https:\/\/projectfoodbox.arenasparagatos.com\/#\/schema\/logo\/image\/","url":"https:\/\/projectfoodbox.arenasparagatos.com\/wp-content\/uploads\/2024\/06\/cropped-Logo-ProjectFoodBox-1.png","contentUrl":"https:\/\/projectfoodbox.arenasparagatos.com\/wp-content\/uploads\/2024\/06\/cropped-Logo-ProjectFoodBox-1.png","width":116,"height":119,"caption":"Project Food Box"},"image":{"@id":"https:\/\/projectfoodbox.arenasparagatos.com\/#\/schema\/logo\/image\/"}}]}},"_links":{"self":[{"href":"https:\/\/projectfoodbox.arenasparagatos.com\/es\/wp-json\/wp\/v2\/pages\/2663"}],"collection":[{"href":"https:\/\/projectfoodbox.arenasparagatos.com\/es\/wp-json\/wp\/v2\/pages"}],"about":[{"href":"https:\/\/projectfoodbox.arenasparagatos.com\/es\/wp-json\/wp\/v2\/types\/page"}],"author":[{"embeddable":true,"href":"https:\/\/projectfoodbox.arenasparagatos.com\/es\/wp-json\/wp\/v2\/users\/3"}],"replies":[{"embeddable":true,"href":"https:\/\/projectfoodbox.arenasparagatos.com\/es\/wp-json\/wp\/v2\/comments?post=2663"}],"version-history":[{"count":5,"href":"https:\/\/projectfoodbox.arenasparagatos.com\/es\/wp-json\/wp\/v2\/pages\/2663\/revisions"}],"predecessor-version":[{"id":3388,"href":"https:\/\/projectfoodbox.arenasparagatos.com\/es\/wp-json\/wp\/v2\/pages\/2663\/revisions\/3388"}],"wp:attachment":[{"href":"https:\/\/projectfoodbox.arenasparagatos.com\/es\/wp-json\/wp\/v2\/media?parent=2663"}],"curies":[{"name":"wp","href":"https:\/\/api.w.org\/{rel}","templated":true}]}}