{"id":2656,"date":"2024-06-03T06:13:22","date_gmt":"2024-06-03T06:13:22","guid":{"rendered":"https:\/\/projectfoodbox.arenasparagatos.com\/author\/"},"modified":"2024-08-27T20:53:52","modified_gmt":"2024-08-27T20:53:52","slug":"autor","status":"publish","type":"page","link":"https:\/\/projectfoodbox.arenasparagatos.com\/es\/autor\/","title":{"rendered":"Nuestro equipo"},"content":{"rendered":"<div class=\"gb-container gb-container-e6fe1f0a\">\n<div class=\"gb-container gb-container-59323678\">\n\n<h2 class=\"gb-headline gb-headline-f069a7c1 gb-headline-text\">P\u00e1gina del autor<\/h2>\n\n\n\n<p>En Project Food Box, nuestro equipo es el coraz\u00f3n y el alma de nuestra misi\u00f3n de luchar contra el hambre y apoyar a las comunidades necesitadas. Nuestro equipo, formado por personas apasionadas y dedicadas de diversos or\u00edgenes, aporta una gran experiencia y conocimientos. Cada miembro est\u00e1 impulsado por un compromiso compartido de influir positivamente en las vidas de aquellos a quienes servimos.<\/p>\n\n\n<div class=\"gb-grid-wrapper gb-grid-wrapper-a0690052\">\n<div class=\"gb-grid-column gb-grid-column-5d180674\"><div class=\"gb-container gb-container-5d180674 background-shadow\">\n<figure class=\"gb-block-image gb-block-image-716e508d\"><a href=\"https:\/\/projectfoodbox.arenasparagatos.com\/es\/author\/projectfood\/\"><a href=\"https:\/\/projectfoodbox.arenasparagatos.com\/es\/author\/\"><img decoding=\"async\" class=\"gb-image gb-image-716e508d\" src=\"http:\/\/marketingnationalsolutions.com\/wp-content\/uploads\/Thumbnail-Image-Author-1-marketingnationalsolutions-1.png\" alt=\"Imagen en miniatura Autor 1 marketingnationalsolutions\" title=\"Imagen en miniatura Autor 1 marketingnationalsolutions\"><\/a><\/a><\/figure>\n\n<div class=\"gb-container gb-container-00b36d19\">\n<p class=\"gb-headline gb-headline-d8c5aa05 gb-headline-text\"><a href=\"https:\/\/projectfoodbox.arenasparagatos.com\/es\/author\/projectfood\/\">Project Food Box<\/a><\/p>\n\n\n<p class=\"gb-headline gb-headline-3bc27bf3 gb-headline-text\">Experto en Marketing Digital<\/p>\n\n\n\n<a class=\"gb-button gb-button-5e1963de gb-button-text\" href=\"\/author\/jhon-doe\/\">SABER M\u00c1S<\/a>\n\n<\/div>\n<\/div><\/div>\n\n<div class=\"gb-grid-column gb-grid-column-17fa86aa\"><div class=\"gb-container gb-container-17fa86aa background-shadow\">\n<figure class=\"gb-block-image gb-block-image-40342661\"><a href=\"https:\/\/projectfoodbox.arenasparagatos.com\/es\/author\/projectfood\/\"><a href=\"\/author\/jhon-doe\/\"><img decoding=\"async\" class=\"gb-image gb-image-40342661\" src=\"http:\/\/marketingnationalsolutions.com\/wp-content\/uploads\/Thumbnail-Image-Author-2-marketingnationalsolutions.png\" alt=\"Imagen en miniatura Autor 1 marketingnationalsolutions\" title=\"Imagen en miniatura Autor 1 marketingnationalsolutions\"><\/a><\/a><\/figure>\n\n<div class=\"gb-container gb-container-a83d17af\">\n<p class=\"gb-headline gb-headline-21de1c6a gb-headline-text\"><a href=\"https:\/\/projectfoodbox.arenasparagatos.com\/es\/author\/projectfood\/\">Project Food Box<\/a><\/p>\n\n\n<p class=\"gb-headline gb-headline-68fc2f1b gb-headline-text\">Experto en Marketing Digital<\/p>\n\n\n\n<a class=\"gb-button gb-button-ebcdd99c gb-button-text\" href=\"\/author\/jhon-doe\/\">SABER M\u00c1S<\/a>\n\n<\/div>\n<\/div><\/div>\n\n<div class=\"gb-grid-column gb-grid-column-7f97a946\"><div class=\"gb-container gb-container-7f97a946 background-shadow\">\n<figure class=\"gb-block-image gb-block-image-86517503\"><a href=\"https:\/\/projectfoodbox.arenasparagatos.com\/es\/author\/projectfood\/\"><a href=\"\/author\/jhon-doe\/\"><img decoding=\"async\" class=\"gb-image gb-image-86517503\" src=\"http:\/\/marketingnationalsolutions.com\/wp-content\/uploads\/Thumbnail-Image-Author-3-marketingnationalsolutions.png\" alt=\"Imagen en miniatura Autor 3 marketingnationalsolutions\" title=\"Imagen en miniatura Autor 3 marketingnationalsolutions\"><\/a><\/a><\/figure>\n\n<div class=\"gb-container gb-container-92ab95f6\">\n<p class=\"gb-headline gb-headline-5a91caeb gb-headline-text\"><a href=\"https:\/\/projectfoodbox.arenasparagatos.com\/es\/author\/projectfood\/\">Project Food Box<\/a><\/p>\n\n\n<p class=\"gb-headline gb-headline-4a9d8f86 gb-headline-text\">Experto en Marketing Digital<\/p>\n\n\n\n<a class=\"gb-button gb-button-10f8e987 gb-button-text\" href=\"\/author\/jhon-doe\/\">SABER M\u00c1S<\/a>\n\n<\/div>\n<\/div><\/div>\n<\/div>\n<\/div>\n<\/div>","protected":false},"excerpt":{"rendered":"<p>P\u00e1gina del autor En Project Food Box, nuestro equipo es el coraz\u00f3n y el alma de nuestra misi\u00f3n de luchar contra el hambre y apoyar a las comunidades necesitadas. Nuestro equipo, formado por personas apasionadas y dedicadas de diversos or\u00edgenes, aporta una gran experiencia y conocimientos. Cada miembro est\u00e1 impulsado &#8230; <a title=\"Nuestro equipo\" class=\"read-more\" href=\"https:\/\/projectfoodbox.arenasparagatos.com\/es\/autor\/\" aria-label=\"Leer m\u00e1s sobre Nuestro equipo\">Read more<\/a><\/p>\n","protected":false},"author":3,"featured_media":0,"parent":0,"menu_order":0,"comment_status":"closed","ping_status":"closed","template":"essential-blocks-fullwidth-template.php","meta":{"_eb_attr":"","footnotes":""},"class_list":["post-2656","page","type-page","status-publish"],"yoast_head":"<!-- This site is optimized with the Yoast SEO plugin v23.8 - https:\/\/yoast.com\/wordpress\/plugins\/seo\/ -->\n<title>Nuestro equipo - Project Food Box<\/title>\n<meta name=\"robots\" content=\"noindex, follow, max-snippet:-1, max-image-preview:large, max-video-preview:-1\" \/>\n<meta property=\"og:locale\" content=\"es_ES\" \/>\n<meta property=\"og:type\" content=\"article\" \/>\n<meta property=\"og:title\" content=\"Nuestro equipo - Project Food Box\" \/>\n<meta property=\"og:description\" content=\"P\u00e1gina del autor En Project Food Box, nuestro equipo es el coraz\u00f3n y el alma de nuestra misi\u00f3n de luchar contra el hambre y apoyar a las comunidades necesitadas. Nuestro equipo, formado por personas apasionadas y dedicadas de diversos or\u00edgenes, aporta una gran experiencia y conocimientos. Cada miembro est\u00e1 impulsado ... Read more\" \/>\n<meta property=\"og:url\" content=\"https:\/\/projectfoodbox.arenasparagatos.com\/es\/autor\/\" \/>\n<meta property=\"og:site_name\" content=\"Project Food Box\" \/>\n<meta property=\"article:modified_time\" content=\"2024-08-27T20:53:52+00:00\" \/>\n<meta property=\"og:image\" content=\"http:\/\/marketingnationalsolutions.com\/wp-content\/uploads\/Thumbnail-Image-Author-1-marketingnationalsolutions-1.png\" \/>\n<meta name=\"twitter:card\" content=\"summary_large_image\" \/>\n<script type=\"application\/ld+json\" class=\"yoast-schema-graph\">{\"@context\":\"https:\/\/schema.org\",\"@graph\":[{\"@type\":\"WebPage\",\"@id\":\"https:\/\/projectfoodbox.arenasparagatos.com\/es\/autor\/\",\"url\":\"https:\/\/projectfoodbox.arenasparagatos.com\/es\/autor\/\",\"name\":\"Nuestro equipo - Project Food Box\",\"isPartOf\":{\"@id\":\"https:\/\/projectfoodbox.arenasparagatos.com\/#website\"},\"primaryImageOfPage\":{\"@id\":\"https:\/\/projectfoodbox.arenasparagatos.com\/es\/autor\/#primaryimage\"},\"image\":{\"@id\":\"https:\/\/projectfoodbox.arenasparagatos.com\/es\/autor\/#primaryimage\"},\"thumbnailUrl\":\"http:\/\/marketingnationalsolutions.com\/wp-content\/uploads\/Thumbnail-Image-Author-1-marketingnationalsolutions-1.png\",\"datePublished\":\"2024-06-03T06:13:22+00:00\",\"dateModified\":\"2024-08-27T20:53:52+00:00\",\"breadcrumb\":{\"@id\":\"https:\/\/projectfoodbox.arenasparagatos.com\/es\/autor\/#breadcrumb\"},\"inLanguage\":\"es\",\"potentialAction\":[{\"@type\":\"ReadAction\",\"target\":[\"https:\/\/projectfoodbox.arenasparagatos.com\/es\/autor\/\"]}]},{\"@type\":\"ImageObject\",\"inLanguage\":\"es\",\"@id\":\"https:\/\/projectfoodbox.arenasparagatos.com\/es\/autor\/#primaryimage\",\"url\":\"http:\/\/marketingnationalsolutions.com\/wp-content\/uploads\/Thumbnail-Image-Author-1-marketingnationalsolutions-1.png\",\"contentUrl\":\"http:\/\/marketingnationalsolutions.com\/wp-content\/uploads\/Thumbnail-Image-Author-1-marketingnationalsolutions-1.png\"},{\"@type\":\"BreadcrumbList\",\"@id\":\"https:\/\/projectfoodbox.arenasparagatos.com\/es\/autor\/#breadcrumb\",\"itemListElement\":[{\"@type\":\"ListItem\",\"position\":1,\"name\":\"Home\",\"item\":\"https:\/\/projectfoodbox.arenasparagatos.com\/es\/\"},{\"@type\":\"ListItem\",\"position\":2,\"name\":\"Nuestro equipo\"}]},{\"@type\":\"WebSite\",\"@id\":\"https:\/\/projectfoodbox.arenasparagatos.com\/#website\",\"url\":\"https:\/\/projectfoodbox.arenasparagatos.com\/\",\"name\":\"Project Food Box\",\"description\":\"Project Food Box\",\"publisher\":{\"@id\":\"https:\/\/projectfoodbox.arenasparagatos.com\/#organization\"},\"potentialAction\":[{\"@type\":\"SearchAction\",\"target\":{\"@type\":\"EntryPoint\",\"urlTemplate\":\"https:\/\/projectfoodbox.arenasparagatos.com\/?s={search_term_string}\"},\"query-input\":{\"@type\":\"PropertyValueSpecification\",\"valueRequired\":true,\"valueName\":\"search_term_string\"}}],\"inLanguage\":\"es\"},{\"@type\":\"Organization\",\"@id\":\"https:\/\/projectfoodbox.arenasparagatos.com\/#organization\",\"name\":\"Project Food Box\",\"url\":\"https:\/\/projectfoodbox.arenasparagatos.com\/\",\"logo\":{\"@type\":\"ImageObject\",\"inLanguage\":\"es\",\"@id\":\"https:\/\/projectfoodbox.arenasparagatos.com\/#\/schema\/logo\/image\/\",\"url\":\"https:\/\/projectfoodbox.arenasparagatos.com\/wp-content\/uploads\/2024\/06\/cropped-Logo-ProjectFoodBox-1.png\",\"contentUrl\":\"https:\/\/projectfoodbox.arenasparagatos.com\/wp-content\/uploads\/2024\/06\/cropped-Logo-ProjectFoodBox-1.png\",\"width\":116,\"height\":119,\"caption\":\"Project Food Box\"},\"image\":{\"@id\":\"https:\/\/projectfoodbox.arenasparagatos.com\/#\/schema\/logo\/image\/\"}}]}<\/script>\n<!-- \/ Yoast SEO plugin. -->","yoast_head_json":{"title":"Nuestro equipo - Project Food Box","robots":{"index":"noindex","follow":"follow","max-snippet":"max-snippet:-1","max-image-preview":"max-image-preview:large","max-video-preview":"max-video-preview:-1"},"og_locale":"es_ES","og_type":"article","og_title":"Nuestro equipo - Project Food Box","og_description":"P\u00e1gina del autor En Project Food Box, nuestro equipo es el coraz\u00f3n y el alma de nuestra misi\u00f3n de luchar contra el hambre y apoyar a las comunidades necesitadas. Nuestro equipo, formado por personas apasionadas y dedicadas de diversos or\u00edgenes, aporta una gran experiencia y conocimientos. Cada miembro est\u00e1 impulsado ... Read more","og_url":"https:\/\/projectfoodbox.arenasparagatos.com\/es\/autor\/","og_site_name":"Project Food Box","article_modified_time":"2024-08-27T20:53:52+00:00","og_image":[{"url":"http:\/\/marketingnationalsolutions.com\/wp-content\/uploads\/Thumbnail-Image-Author-1-marketingnationalsolutions-1.png"}],"twitter_card":"summary_large_image","schema":{"@context":"https:\/\/schema.org","@graph":[{"@type":"WebPage","@id":"https:\/\/projectfoodbox.arenasparagatos.com\/es\/autor\/","url":"https:\/\/projectfoodbox.arenasparagatos.com\/es\/autor\/","name":"Nuestro equipo - Project Food Box","isPartOf":{"@id":"https:\/\/projectfoodbox.arenasparagatos.com\/#website"},"primaryImageOfPage":{"@id":"https:\/\/projectfoodbox.arenasparagatos.com\/es\/autor\/#primaryimage"},"image":{"@id":"https:\/\/projectfoodbox.arenasparagatos.com\/es\/autor\/#primaryimage"},"thumbnailUrl":"http:\/\/marketingnationalsolutions.com\/wp-content\/uploads\/Thumbnail-Image-Author-1-marketingnationalsolutions-1.png","datePublished":"2024-06-03T06:13:22+00:00","dateModified":"2024-08-27T20:53:52+00:00","breadcrumb":{"@id":"https:\/\/projectfoodbox.arenasparagatos.com\/es\/autor\/#breadcrumb"},"inLanguage":"es","potentialAction":[{"@type":"ReadAction","target":["https:\/\/projectfoodbox.arenasparagatos.com\/es\/autor\/"]}]},{"@type":"ImageObject","inLanguage":"es","@id":"https:\/\/projectfoodbox.arenasparagatos.com\/es\/autor\/#primaryimage","url":"http:\/\/marketingnationalsolutions.com\/wp-content\/uploads\/Thumbnail-Image-Author-1-marketingnationalsolutions-1.png","contentUrl":"http:\/\/marketingnationalsolutions.com\/wp-content\/uploads\/Thumbnail-Image-Author-1-marketingnationalsolutions-1.png"},{"@type":"BreadcrumbList","@id":"https:\/\/projectfoodbox.arenasparagatos.com\/es\/autor\/#breadcrumb","itemListElement":[{"@type":"ListItem","position":1,"name":"Home","item":"https:\/\/projectfoodbox.arenasparagatos.com\/es\/"},{"@type":"ListItem","position":2,"name":"Nuestro equipo"}]},{"@type":"WebSite","@id":"https:\/\/projectfoodbox.arenasparagatos.com\/#website","url":"https:\/\/projectfoodbox.arenasparagatos.com\/","name":"Project Food Box","description":"Project Food Box","publisher":{"@id":"https:\/\/projectfoodbox.arenasparagatos.com\/#organization"},"potentialAction":[{"@type":"SearchAction","target":{"@type":"EntryPoint","urlTemplate":"https:\/\/projectfoodbox.arenasparagatos.com\/?s={search_term_string}"},"query-input":{"@type":"PropertyValueSpecification","valueRequired":true,"valueName":"search_term_string"}}],"inLanguage":"es"},{"@type":"Organization","@id":"https:\/\/projectfoodbox.arenasparagatos.com\/#organization","name":"Project Food Box","url":"https:\/\/projectfoodbox.arenasparagatos.com\/","logo":{"@type":"ImageObject","inLanguage":"es","@id":"https:\/\/projectfoodbox.arenasparagatos.com\/#\/schema\/logo\/image\/","url":"https:\/\/projectfoodbox.arenasparagatos.com\/wp-content\/uploads\/2024\/06\/cropped-Logo-ProjectFoodBox-1.png","contentUrl":"https:\/\/projectfoodbox.arenasparagatos.com\/wp-content\/uploads\/2024\/06\/cropped-Logo-ProjectFoodBox-1.png","width":116,"height":119,"caption":"Project Food Box"},"image":{"@id":"https:\/\/projectfoodbox.arenasparagatos.com\/#\/schema\/logo\/image\/"}}]}},"_links":{"self":[{"href":"https:\/\/projectfoodbox.arenasparagatos.com\/es\/wp-json\/wp\/v2\/pages\/2656"}],"collection":[{"href":"https:\/\/projectfoodbox.arenasparagatos.com\/es\/wp-json\/wp\/v2\/pages"}],"about":[{"href":"https:\/\/projectfoodbox.arenasparagatos.com\/es\/wp-json\/wp\/v2\/types\/page"}],"author":[{"embeddable":true,"href":"https:\/\/projectfoodbox.arenasparagatos.com\/es\/wp-json\/wp\/v2\/users\/3"}],"replies":[{"embeddable":true,"href":"https:\/\/projectfoodbox.arenasparagatos.com\/es\/wp-json\/wp\/v2\/comments?post=2656"}],"version-history":[{"count":4,"href":"https:\/\/projectfoodbox.arenasparagatos.com\/es\/wp-json\/wp\/v2\/pages\/2656\/revisions"}],"predecessor-version":[{"id":3563,"href":"https:\/\/projectfoodbox.arenasparagatos.com\/es\/wp-json\/wp\/v2\/pages\/2656\/revisions\/3563"}],"wp:attachment":[{"href":"https:\/\/projectfoodbox.arenasparagatos.com\/es\/wp-json\/wp\/v2\/media?parent=2656"}],"curies":[{"name":"wp","href":"https:\/\/api.w.org\/{rel}","templated":true}]}}